{"id":807,"date":"2020-04-23T16:45:10","date_gmt":"2020-04-23T19:45:10","guid":{"rendered":"http:\/\/mep.com.ar\/?page_id=807"},"modified":"2026-03-03T17:47:20","modified_gmt":"2026-03-03T20:47:20","slug":"clinica-monpelat","status":"publish","type":"page","link":"https:\/\/mep.com.ar\/en\/clinica-monpelat\/","title":{"rendered":"Cl\u00ednica Monpelat"},"content":{"rendered":"<div data-elementor-type=\"wp-post\" data-elementor-id=\"807\" class=\"elementor elementor-807\">\n\t\t\t\t\t\t<section class=\"elementor-section elementor-top-section elementor-element elementor-element-c63b8ad elementor-section-boxed elementor-section-height-default elementor-section-height-default\" data-id=\"c63b8ad\" data-element_type=\"section\" data-e-type=\"section\">\n\t\t\t\t\t\t<div class=\"elementor-container elementor-column-gap-default\">\n\t\t\t\t\t<div class=\"elementor-column elementor-col-100 elementor-top-column elementor-element elementor-element-1668622\" data-id=\"1668622\" data-element_type=\"column\" data-e-type=\"column\">\n\t\t\t<div class=\"elementor-widget-wrap elementor-element-populated\">\n\t\t\t\t\t\t<div class=\"elementor-element elementor-element-5953cac elementor-widget elementor-widget-shortcode\" data-id=\"5953cac\" data-element_type=\"widget\" data-e-type=\"widget\" data-widget_type=\"shortcode.default\">\n\t\t\t\t<div class=\"elementor-widget-container\">\n\t\t\t\t\t\t\t<div class=\"elementor-shortcode\"> <span><span><a href=\"https:\/\/mep.com.ar\/en\/\">Inicio<\/a><\/span><\/span><\/div>\n\t\t\t\t\t\t<\/div>\n\t\t\t\t<\/div>\n\t\t\t\t\t<\/div>\n\t\t<\/div>\n\t\t\t\t\t<\/div>\n\t\t<\/section>\n\t\t\t\t<section class=\"elementor-section elementor-top-section elementor-element elementor-element-9e1bde7 elementor-section-boxed elementor-section-height-default elementor-section-height-default\" data-id=\"9e1bde7\" data-element_type=\"section\" data-e-type=\"section\">\n\t\t\t\t\t\t<div class=\"elementor-container elementor-column-gap-default\">\n\t\t\t\t\t<div class=\"elementor-column elementor-col-50 elementor-top-column elementor-element elementor-element-e8ead0a\" data-id=\"e8ead0a\" data-element_type=\"column\" data-e-type=\"column\">\n\t\t\t<div class=\"elementor-widget-wrap elementor-element-populated\">\n\t\t\t\t\t\t<div class=\"elementor-element elementor-element-4f30232 elementor-widget elementor-widget-heading\" data-id=\"4f30232\" data-element_type=\"widget\" data-e-type=\"widget\" data-widget_type=\"heading.default\">\n\t\t\t\t<div class=\"elementor-widget-container\">\n\t\t\t\t\t<h6 class=\"elementor-heading-title elementor-size-default\"><br>Project<\/h6>\t\t\t\t<\/div>\n\t\t\t\t<\/div>\n\t\t\t\t<div class=\"elementor-element elementor-element-63674c9 elementor-widget elementor-widget-text-editor\" data-id=\"63674c9\" data-element_type=\"widget\" data-e-type=\"widget\" data-widget_type=\"text-editor.default\">\n\t\t\t\t<div class=\"elementor-widget-container\">\n\t\t\t\t\t\t\t\t\t<p>Monpelat is an Aesthetic Medicine and Plastic Surgery clinic with over 10 years of experience.<\/p><p><span style=\"color: #008080;\">A place where health and beauty merge to get the perfect balance and result for each patient.<\/span><\/p><p>That's where their brand identity focuses, and that's what we tried to materialise in their website.<\/p>\t\t\t\t\t\t\t\t<\/div>\n\t\t\t\t<\/div>\n\t\t\t\t<div class=\"elementor-element elementor-element-2fc8f00 elementor-widget elementor-widget-heading\" data-id=\"2fc8f00\" data-element_type=\"widget\" data-e-type=\"widget\" data-widget_type=\"heading.default\">\n\t\t\t\t<div class=\"elementor-widget-container\">\n\t\t\t\t\t<h4 class=\"elementor-heading-title elementor-size-default\">PIEZAS GR\u00c1FICAS<\/h4>\t\t\t\t<\/div>\n\t\t\t\t<\/div>\n\t\t\t\t<div class=\"elementor-element elementor-element-f022d81 elementor-widget elementor-widget-text-editor\" data-id=\"f022d81\" data-element_type=\"widget\" data-e-type=\"widget\" data-widget_type=\"text-editor.default\">\n\t\t\t\t<div class=\"elementor-widget-container\">\n\t\t\t\t\t\t\t\t\t<p>We created graphical pieces for the waiting room and the entry hall.\u00a0<\/p>\t\t\t\t\t\t\t\t<\/div>\n\t\t\t\t<\/div>\n\t\t\t\t\t<\/div>\n\t\t<\/div>\n\t\t\t\t<div class=\"elementor-column elementor-col-50 elementor-top-column elementor-element elementor-element-3e466e8\" data-id=\"3e466e8\" data-element_type=\"column\" data-e-type=\"column\">\n\t\t\t<div class=\"elementor-widget-wrap elementor-element-populated\">\n\t\t\t\t\t\t<div class=\"elementor-element elementor-element-bde8a13 elementor-arrows-position-inside elementor-pagination-position-outside elementor-widget elementor-widget-image-carousel\" data-id=\"bde8a13\" data-element_type=\"widget\" data-e-type=\"widget\" data-settings=\"{&quot;slides_to_show&quot;:&quot;1&quot;,&quot;autoplay&quot;:&quot;no&quot;,&quot;navigation&quot;:&quot;both&quot;,&quot;infinite&quot;:&quot;yes&quot;,&quot;effect&quot;:&quot;slide&quot;,&quot;speed&quot;:500}\" data-widget_type=\"image-carousel.default\">\n\t\t\t\t<div class=\"elementor-widget-container\">\n\t\t\t\t\t\t\t<div class=\"elementor-image-carousel-wrapper swiper\" role=\"region\" aria-roledescription=\"carousel\" aria-label=\"Carrusel de im\u00e1genes\" dir=\"ltr\">\n\t\t\t<div class=\"elementor-image-carousel swiper-wrapper swiper-image-stretch\" aria-live=\"polite\">\n\t\t\t\t\t\t\t\t<div class=\"swiper-slide\" role=\"group\" aria-roledescription=\"slide\" aria-label=\"1 of 3\" data-no-translation-aria-label=\"\"><figure class=\"swiper-slide-inner\"><img decoding=\"async\" class=\"swiper-slide-image\" src=\"https:\/\/mep.com.ar\/wp-content\/uploads\/2026\/03\/monpelat-2.jpg\" alt=\"monpelat\" \/><\/figure><\/div><div class=\"swiper-slide\" role=\"group\" aria-roledescription=\"slide\" aria-label=\"2 of 3\" data-no-translation-aria-label=\"\"><figure class=\"swiper-slide-inner\"><img decoding=\"async\" class=\"swiper-slide-image\" src=\"https:\/\/mep.com.ar\/wp-content\/uploads\/2026\/03\/monpelat5-2.jpg\" alt=\"monpelat5-(2)\" \/><\/figure><\/div><div class=\"swiper-slide\" role=\"group\" aria-roledescription=\"slide\" aria-label=\"3 of 3\" data-no-translation-aria-label=\"\"><figure class=\"swiper-slide-inner\"><img decoding=\"async\" class=\"swiper-slide-image\" src=\"https:\/\/mep.com.ar\/wp-content\/uploads\/2020\/04\/monpelat2-1.jpg\" alt=\"monpelat2\" \/><\/figure><\/div>\t\t\t<\/div>\n\t\t\t\t\t\t\t\t\t\t\t\t<div class=\"elementor-swiper-button elementor-swiper-button-prev\" role=\"button\" tabindex=\"0\">\n\t\t\t\t\t\t<i aria-hidden=\"true\" class=\"eicon-chevron-left\"><\/i>\t\t\t\t\t<\/div>\n\t\t\t\t\t<div class=\"elementor-swiper-button elementor-swiper-button-next\" role=\"button\" tabindex=\"0\">\n\t\t\t\t\t\t<i aria-hidden=\"true\" class=\"eicon-chevron-right\"><\/i>\t\t\t\t\t<\/div>\n\t\t\t\t\n\t\t\t\t\t\t\t\t\t<div class=\"swiper-pagination\"><\/div>\n\t\t\t\t\t\t\t\t\t<\/div>\n\t\t\t\t\t\t<\/div>\n\t\t\t\t<\/div>\n\t\t\t\t\t<\/div>\n\t\t<\/div>\n\t\t\t\t\t<\/div>\n\t\t<\/section>\n\t\t\t\t<section class=\"elementor-section elementor-top-section elementor-element elementor-element-80a5867 elementor-section-boxed elementor-section-height-default elementor-section-height-default\" data-id=\"80a5867\" data-element_type=\"section\" data-e-type=\"section\">\n\t\t\t\t\t\t<div class=\"elementor-container elementor-column-gap-default\">\n\t\t\t\t\t<div class=\"elementor-column elementor-col-100 elementor-top-column elementor-element elementor-element-65186e1\" data-id=\"65186e1\" data-element_type=\"column\" data-e-type=\"column\">\n\t\t\t<div class=\"elementor-widget-wrap\">\n\t\t\t\t\t\t\t<\/div>\n\t\t<\/div>\n\t\t\t\t\t<\/div>\n\t\t<\/section>\n\t\t\t\t<\/div>","protected":false},"excerpt":{"rendered":"<p>PROYECTO Monpelat es una cl\u00ednica de Medicina Est\u00e9tica y Cirug\u00eda Pl\u00e1stica con m\u00e1s de 10 a\u00f1os de experiencia. Un lugar donde salud [&hellip;]<\/p>\n","protected":false},"author":1,"featured_media":0,"parent":0,"menu_order":0,"comment_status":"closed","ping_status":"closed","template":"elementor_header_footer","meta":{"footnotes":""},"class_list":["post-807","page","type-page","status-publish","hentry"],"yoast_head":"<!-- This site is optimized with the Yoast SEO plugin v27.5 - https:\/\/yoast.com\/product\/yoast-seo-wordpress\/ -->\n<title>Cl\u00ednica Monpelat - MEP Comunicaci\u00f3n y Dise\u00f1o<\/title>\n<meta name=\"robots\" content=\"index, follow, max-snippet:-1, max-image-preview:large, max-video-preview:-1\" \/>\n<link rel=\"canonical\" href=\"https:\/\/mep.com.ar\/en\/clinica-monpelat\/\" \/>\n<meta property=\"og:locale\" content=\"en_US\" \/>\n<meta property=\"og:type\" content=\"article\" \/>\n<meta property=\"og:title\" content=\"Cl\u00ednica Monpelat - MEP Comunicaci\u00f3n y Dise\u00f1o\" \/>\n<meta property=\"og:description\" content=\"PROYECTO Monpelat es una cl\u00ednica de Medicina Est\u00e9tica y Cirug\u00eda Pl\u00e1stica con m\u00e1s de 10 a\u00f1os de experiencia. Un lugar donde salud [&hellip;]\" \/>\n<meta property=\"og:url\" content=\"https:\/\/mep.com.ar\/en\/clinica-monpelat\/\" \/>\n<meta property=\"og:site_name\" content=\"MEP Comunicaci\u00f3n y Dise\u00f1o\" \/>\n<meta property=\"article:modified_time\" content=\"2026-03-03T20:47:20+00:00\" \/>\n<meta property=\"og:image\" content=\"https:\/\/mep.com.ar\/wp-content\/uploads\/2026\/03\/monpelat-2.jpg\" \/>\n<meta name=\"twitter:card\" content=\"summary_large_image\" \/>\n<meta name=\"twitter:label1\" content=\"Est. reading time\" \/>\n\t<meta name=\"twitter:data1\" content=\"2 minutes\" \/>\n<script type=\"application\/ld+json\" class=\"yoast-schema-graph\">{\"@context\":\"https:\\\/\\\/schema.org\",\"@graph\":[{\"@type\":\"WebPage\",\"@id\":\"https:\\\/\\\/mep.com.ar\\\/clinica-monpelat\\\/\",\"url\":\"https:\\\/\\\/mep.com.ar\\\/clinica-monpelat\\\/\",\"name\":\"Cl\u00ednica Monpelat - MEP Comunicaci\u00f3n y Dise\u00f1o\",\"isPartOf\":{\"@id\":\"https:\\\/\\\/mep.com.ar\\\/#website\"},\"primaryImageOfPage\":{\"@id\":\"https:\\\/\\\/mep.com.ar\\\/clinica-monpelat\\\/#primaryimage\"},\"image\":{\"@id\":\"https:\\\/\\\/mep.com.ar\\\/clinica-monpelat\\\/#primaryimage\"},\"thumbnailUrl\":\"https:\\\/\\\/mep.com.ar\\\/wp-content\\\/uploads\\\/2026\\\/03\\\/monpelat-2.jpg\",\"datePublished\":\"2020-04-23T19:45:10+00:00\",\"dateModified\":\"2026-03-03T20:47:20+00:00\",\"breadcrumb\":{\"@id\":\"https:\\\/\\\/mep.com.ar\\\/clinica-monpelat\\\/#breadcrumb\"},\"inLanguage\":\"en-US\",\"potentialAction\":[{\"@type\":\"ReadAction\",\"target\":[\"https:\\\/\\\/mep.com.ar\\\/clinica-monpelat\\\/\"]}]},{\"@type\":\"ImageObject\",\"inLanguage\":\"en-US\",\"@id\":\"https:\\\/\\\/mep.com.ar\\\/clinica-monpelat\\\/#primaryimage\",\"url\":\"https:\\\/\\\/mep.com.ar\\\/wp-content\\\/uploads\\\/2026\\\/03\\\/monpelat-2.jpg\",\"contentUrl\":\"https:\\\/\\\/mep.com.ar\\\/wp-content\\\/uploads\\\/2026\\\/03\\\/monpelat-2.jpg\"},{\"@type\":\"BreadcrumbList\",\"@id\":\"https:\\\/\\\/mep.com.ar\\\/clinica-monpelat\\\/#breadcrumb\",\"itemListElement\":[{\"@type\":\"ListItem\",\"position\":1,\"name\":\"Inicio\",\"item\":\"https:\\\/\\\/mep.com.ar\\\/\"},{\"@type\":\"ListItem\",\"position\":2,\"name\":\"Cl\u00ednica Monpelat\"}]},{\"@type\":\"WebSite\",\"@id\":\"https:\\\/\\\/mep.com.ar\\\/#website\",\"url\":\"https:\\\/\\\/mep.com.ar\\\/\",\"name\":\"MEP Comunicaci\u00f3n y Dise\u00f1o\",\"description\":\"Agencia de Comunicaci\u00f3n y Dise\u00f1o\",\"publisher\":{\"@id\":\"https:\\\/\\\/mep.com.ar\\\/#organization\"},\"potentialAction\":[{\"@type\":\"SearchAction\",\"target\":{\"@type\":\"EntryPoint\",\"urlTemplate\":\"https:\\\/\\\/mep.com.ar\\\/?s={search_term_string}\"},\"query-input\":{\"@type\":\"PropertyValueSpecification\",\"valueRequired\":true,\"valueName\":\"search_term_string\"}}],\"inLanguage\":\"en-US\"},{\"@type\":\"Organization\",\"@id\":\"https:\\\/\\\/mep.com.ar\\\/#organization\",\"name\":\"MEP Comunicaci\u00f3n y Dise\u00f1o\",\"url\":\"https:\\\/\\\/mep.com.ar\\\/\",\"logo\":{\"@type\":\"ImageObject\",\"inLanguage\":\"en-US\",\"@id\":\"https:\\\/\\\/mep.com.ar\\\/#\\\/schema\\\/logo\\\/image\\\/\",\"url\":\"https:\\\/\\\/mep.com.ar\\\/wp-content\\\/uploads\\\/2021\\\/09\\\/cropped-logo.png\",\"contentUrl\":\"https:\\\/\\\/mep.com.ar\\\/wp-content\\\/uploads\\\/2021\\\/09\\\/cropped-logo.png\",\"width\":512,\"height\":512,\"caption\":\"MEP Comunicaci\u00f3n y Dise\u00f1o\"},\"image\":{\"@id\":\"https:\\\/\\\/mep.com.ar\\\/#\\\/schema\\\/logo\\\/image\\\/\"}}]}<\/script>\n<!-- \/ Yoast SEO plugin. -->","yoast_head_json":{"title":"Cl\u00ednica Monpelat - MEP Comunicaci\u00f3n y Dise\u00f1o","robots":{"index":"index","follow":"follow","max-snippet":"max-snippet:-1","max-image-preview":"max-image-preview:large","max-video-preview":"max-video-preview:-1"},"canonical":"https:\/\/mep.com.ar\/en\/clinica-monpelat\/","og_locale":"en_US","og_type":"article","og_title":"Cl\u00ednica Monpelat - MEP Comunicaci\u00f3n y Dise\u00f1o","og_description":"PROYECTO Monpelat es una cl\u00ednica de Medicina Est\u00e9tica y Cirug\u00eda Pl\u00e1stica con m\u00e1s de 10 a\u00f1os de experiencia. Un lugar donde salud [&hellip;]","og_url":"https:\/\/mep.com.ar\/en\/clinica-monpelat\/","og_site_name":"MEP Comunicaci\u00f3n y Dise\u00f1o","article_modified_time":"2026-03-03T20:47:20+00:00","og_image":[{"url":"https:\/\/mep.com.ar\/wp-content\/uploads\/2026\/03\/monpelat-2.jpg","type":"","width":"","height":""}],"twitter_card":"summary_large_image","twitter_misc":{"Est. reading time":"2 minutes"},"schema":{"@context":"https:\/\/schema.org","@graph":[{"@type":"WebPage","@id":"https:\/\/mep.com.ar\/clinica-monpelat\/","url":"https:\/\/mep.com.ar\/clinica-monpelat\/","name":"Cl\u00ednica Monpelat - MEP Comunicaci\u00f3n y Dise\u00f1o","isPartOf":{"@id":"https:\/\/mep.com.ar\/#website"},"primaryImageOfPage":{"@id":"https:\/\/mep.com.ar\/clinica-monpelat\/#primaryimage"},"image":{"@id":"https:\/\/mep.com.ar\/clinica-monpelat\/#primaryimage"},"thumbnailUrl":"https:\/\/mep.com.ar\/wp-content\/uploads\/2026\/03\/monpelat-2.jpg","datePublished":"2020-04-23T19:45:10+00:00","dateModified":"2026-03-03T20:47:20+00:00","breadcrumb":{"@id":"https:\/\/mep.com.ar\/clinica-monpelat\/#breadcrumb"},"inLanguage":"en-US","potentialAction":[{"@type":"ReadAction","target":["https:\/\/mep.com.ar\/clinica-monpelat\/"]}]},{"@type":"ImageObject","inLanguage":"en-US","@id":"https:\/\/mep.com.ar\/clinica-monpelat\/#primaryimage","url":"https:\/\/mep.com.ar\/wp-content\/uploads\/2026\/03\/monpelat-2.jpg","contentUrl":"https:\/\/mep.com.ar\/wp-content\/uploads\/2026\/03\/monpelat-2.jpg"},{"@type":"BreadcrumbList","@id":"https:\/\/mep.com.ar\/clinica-monpelat\/#breadcrumb","itemListElement":[{"@type":"ListItem","position":1,"name":"Inicio","item":"https:\/\/mep.com.ar\/"},{"@type":"ListItem","position":2,"name":"Cl\u00ednica Monpelat"}]},{"@type":"WebSite","@id":"https:\/\/mep.com.ar\/#website","url":"https:\/\/mep.com.ar\/","name":"MEP Comunicaci\u00f3n y Dise\u00f1o","description":"Agencia de Comunicaci\u00f3n y Dise\u00f1o","publisher":{"@id":"https:\/\/mep.com.ar\/#organization"},"potentialAction":[{"@type":"SearchAction","target":{"@type":"EntryPoint","urlTemplate":"https:\/\/mep.com.ar\/?s={search_term_string}"},"query-input":{"@type":"PropertyValueSpecification","valueRequired":true,"valueName":"search_term_string"}}],"inLanguage":"en-US"},{"@type":"Organization","@id":"https:\/\/mep.com.ar\/#organization","name":"MEP Comunicaci\u00f3n y Dise\u00f1o","url":"https:\/\/mep.com.ar\/","logo":{"@type":"ImageObject","inLanguage":"en-US","@id":"https:\/\/mep.com.ar\/#\/schema\/logo\/image\/","url":"https:\/\/mep.com.ar\/wp-content\/uploads\/2021\/09\/cropped-logo.png","contentUrl":"https:\/\/mep.com.ar\/wp-content\/uploads\/2021\/09\/cropped-logo.png","width":512,"height":512,"caption":"MEP Comunicaci\u00f3n y Dise\u00f1o"},"image":{"@id":"https:\/\/mep.com.ar\/#\/schema\/logo\/image\/"}}]}},"_links":{"self":[{"href":"https:\/\/mep.com.ar\/en\/wp-json\/wp\/v2\/pages\/807","targetHints":{"allow":["GET"]}}],"collection":[{"href":"https:\/\/mep.com.ar\/en\/wp-json\/wp\/v2\/pages"}],"about":[{"href":"https:\/\/mep.com.ar\/en\/wp-json\/wp\/v2\/types\/page"}],"author":[{"embeddable":true,"href":"https:\/\/mep.com.ar\/en\/wp-json\/wp\/v2\/users\/1"}],"replies":[{"embeddable":true,"href":"https:\/\/mep.com.ar\/en\/wp-json\/wp\/v2\/comments?post=807"}],"version-history":[{"count":56,"href":"https:\/\/mep.com.ar\/en\/wp-json\/wp\/v2\/pages\/807\/revisions"}],"predecessor-version":[{"id":2129,"href":"https:\/\/mep.com.ar\/en\/wp-json\/wp\/v2\/pages\/807\/revisions\/2129"}],"wp:attachment":[{"href":"https:\/\/mep.com.ar\/en\/wp-json\/wp\/v2\/media?parent=807"}],"curies":[{"name":"wp","href":"https:\/\/api.w.org\/{rel}","templated":true}]}}