{"id":576,"date":"2019-11-12T21:09:09","date_gmt":"2019-11-13T00:09:09","guid":{"rendered":"http:\/\/mep.com.ar\/?page_id=576"},"modified":"2024-01-26T15:39:53","modified_gmt":"2024-01-26T18:39:53","slug":"grafica-corporativa","status":"publish","type":"page","link":"https:\/\/mep.com.ar\/en\/grafica-corporativa\/","title":{"rendered":"Digital y Flexo"},"content":{"rendered":"<div data-elementor-type=\"wp-post\" data-elementor-id=\"576\" class=\"elementor elementor-576\">\n\t\t\t\t\t\t<section class=\"elementor-section elementor-top-section elementor-element elementor-element-c63b8ad elementor-section-boxed elementor-section-height-default elementor-section-height-default\" data-id=\"c63b8ad\" data-element_type=\"section\" data-e-type=\"section\">\n\t\t\t\t\t\t<div class=\"elementor-container elementor-column-gap-default\">\n\t\t\t\t\t<div class=\"elementor-column elementor-col-100 elementor-top-column elementor-element elementor-element-1668622\" data-id=\"1668622\" data-element_type=\"column\" data-e-type=\"column\">\n\t\t\t<div class=\"elementor-widget-wrap elementor-element-populated\">\n\t\t\t\t\t\t<div class=\"elementor-element elementor-element-7200414 elementor-widget elementor-widget-heading\" data-id=\"7200414\" data-element_type=\"widget\" data-e-type=\"widget\" data-widget_type=\"heading.default\">\n\t\t\t\t<div class=\"elementor-widget-container\">\n\t\t\t\t\t<h3 class=\"elementor-heading-title elementor-size-default\">DIGITAL&amp;FLEXO<\/h3>\t\t\t\t<\/div>\n\t\t\t\t<\/div>\n\t\t\t\t\t<\/div>\n\t\t<\/div>\n\t\t\t\t\t<\/div>\n\t\t<\/section>\n\t\t\t\t<section class=\"elementor-section elementor-top-section elementor-element elementor-element-1a0d6793 elementor-section-boxed elementor-section-height-default elementor-section-height-default\" data-id=\"1a0d6793\" data-element_type=\"section\" data-e-type=\"section\">\n\t\t\t\t\t\t<div class=\"elementor-container elementor-column-gap-default\">\n\t\t\t\t\t<div class=\"elementor-column elementor-col-100 elementor-top-column elementor-element elementor-element-20f64e9\" data-id=\"20f64e9\" data-element_type=\"column\" data-e-type=\"column\">\n\t\t\t<div class=\"elementor-widget-wrap elementor-element-populated\">\n\t\t\t\t\t\t<div class=\"elementor-element elementor-element-2ae9d076 elementor-widget elementor-widget-text-editor\" data-id=\"2ae9d076\" data-element_type=\"widget\" data-e-type=\"widget\" data-widget_type=\"text-editor.default\">\n\t\t\t\t<div class=\"elementor-widget-container\">\n\t\t\t\t\t\t\t\t\t<hr \/>\t\t\t\t\t\t\t\t<\/div>\n\t\t\t\t<\/div>\n\t\t\t\t\t<\/div>\n\t\t<\/div>\n\t\t\t\t\t<\/div>\n\t\t<\/section>\n\t\t\t\t<section class=\"elementor-section elementor-top-section elementor-element elementor-element-9e1bde7 elementor-section-boxed elementor-section-height-default elementor-section-height-default\" data-id=\"9e1bde7\" data-element_type=\"section\" data-e-type=\"section\">\n\t\t\t\t\t\t<div class=\"elementor-container elementor-column-gap-default\">\n\t\t\t\t\t<div class=\"elementor-column elementor-col-50 elementor-top-column elementor-element elementor-element-e8ead0a\" data-id=\"e8ead0a\" data-element_type=\"column\" data-e-type=\"column\">\n\t\t\t<div class=\"elementor-widget-wrap elementor-element-populated\">\n\t\t\t\t\t\t<div class=\"elementor-element elementor-element-f89d612 elementor-widget elementor-widget-heading\" data-id=\"f89d612\" data-element_type=\"widget\" data-e-type=\"widget\" data-widget_type=\"heading.default\">\n\t\t\t\t<div class=\"elementor-widget-container\">\n\t\t\t\t\t<h6 class=\"elementor-heading-title elementor-size-default\"><br>Project<\/h6>\t\t\t\t<\/div>\n\t\t\t\t<\/div>\n\t\t\t\t<div class=\"elementor-element elementor-element-a111447 elementor-widget elementor-widget-heading\" data-id=\"a111447\" data-element_type=\"widget\" data-e-type=\"widget\" data-widget_type=\"heading.default\">\n\t\t\t\t<div class=\"elementor-widget-container\">\n\t\t\t\t\t<p class=\"elementor-heading-title elementor-size-default\"><p>Digital&amp;Flexo is a company that sells industrial printers and print machinery. After a brand change, they needed a corporative identity remake.<br>What was our work?<\/p><\/p>\t\t\t\t<\/div>\n\t\t\t\t<\/div>\n\t\t\t\t<div class=\"elementor-element elementor-element-ef01ce1 elementor-widget elementor-widget-heading\" data-id=\"ef01ce1\" data-element_type=\"widget\" data-e-type=\"widget\" data-widget_type=\"heading.default\">\n\t\t\t\t<div class=\"elementor-widget-container\">\n\t\t\t\t\t<h6 class=\"elementor-heading-title elementor-size-default\"><br><br><br>Corporative website<\/h6>\t\t\t\t<\/div>\n\t\t\t\t<\/div>\n\t\t\t\t<div class=\"elementor-element elementor-element-500ecd9 elementor-widget elementor-widget-heading\" data-id=\"500ecd9\" data-element_type=\"widget\" data-e-type=\"widget\" data-widget_type=\"heading.default\">\n\t\t\t\t<div class=\"elementor-widget-container\">\n\t\t\t\t\t<p class=\"elementor-heading-title elementor-size-default\"><p>Minimalist and modern design, introducing every brand they represent.<\/p>\t\t\t\t<\/div>\n\t\t\t\t<\/div>\n\t\t\t\t<div class=\"elementor-element elementor-element-9638829 elementor-widget elementor-widget-heading\" data-id=\"9638829\" data-element_type=\"widget\" data-e-type=\"widget\" data-widget_type=\"heading.default\">\n\t\t\t\t<div class=\"elementor-widget-container\">\n\t\t\t\t\t<h6 class=\"elementor-heading-title elementor-size-default\"><br><br>Graphic design<\/h6>\t\t\t\t<\/div>\n\t\t\t\t<\/div>\n\t\t\t\t<div class=\"elementor-element elementor-element-a961b21 elementor-widget elementor-widget-heading\" data-id=\"a961b21\" data-element_type=\"widget\" data-e-type=\"widget\" data-widget_type=\"heading.default\">\n\t\t\t\t<div class=\"elementor-widget-container\">\n\t\t\t\t\t<p class=\"elementor-heading-title elementor-size-default\"><p>\u2022 Brand brochure<br>\u2022 Personal cards<br>\u2022 Corporate folder<\/p>\t\t\t\t<\/div>\n\t\t\t\t<\/div>\n\t\t\t\t<div class=\"elementor-element elementor-element-1eae40a elementor-widget elementor-widget-heading\" data-id=\"1eae40a\" data-element_type=\"widget\" data-e-type=\"widget\" data-widget_type=\"heading.default\">\n\t\t\t\t<div class=\"elementor-widget-container\">\n\t\t\t\t\t<h6 class=\"elementor-heading-title elementor-size-default\"><br>DIGITAL MARKETING<\/h6>\t\t\t\t<\/div>\n\t\t\t\t<\/div>\n\t\t\t\t<div class=\"elementor-element elementor-element-eb84add elementor-widget elementor-widget-heading\" data-id=\"eb84add\" data-element_type=\"widget\" data-e-type=\"widget\" data-widget_type=\"heading.default\">\n\t\t\t\t<div class=\"elementor-widget-container\">\n\t\t\t\t\t<p class=\"elementor-heading-title elementor-size-default\"><p>Resposive digital design pieces, adapted for using in Linkedin and Instagram<\/p>\t\t\t\t<\/div>\n\t\t\t\t<\/div>\n\t\t\t\t\t<\/div>\n\t\t<\/div>\n\t\t\t\t<div class=\"elementor-column elementor-col-50 elementor-top-column elementor-element elementor-element-3e466e8\" data-id=\"3e466e8\" data-element_type=\"column\" data-e-type=\"column\">\n\t\t\t<div class=\"elementor-widget-wrap elementor-element-populated\">\n\t\t\t\t\t\t<div class=\"elementor-element elementor-element-a5e36b4 elementor-arrows-position-inside elementor-pagination-position-outside elementor-widget elementor-widget-image-carousel\" data-id=\"a5e36b4\" data-element_type=\"widget\" data-e-type=\"widget\" data-settings=\"{&quot;slides_to_show&quot;:&quot;1&quot;,&quot;navigation&quot;:&quot;both&quot;,&quot;autoplay&quot;:&quot;yes&quot;,&quot;pause_on_hover&quot;:&quot;yes&quot;,&quot;pause_on_interaction&quot;:&quot;yes&quot;,&quot;autoplay_speed&quot;:5000,&quot;infinite&quot;:&quot;yes&quot;,&quot;effect&quot;:&quot;slide&quot;,&quot;speed&quot;:500}\" data-widget_type=\"image-carousel.default\">\n\t\t\t\t<div class=\"elementor-widget-container\">\n\t\t\t\t\t\t\t<div class=\"elementor-image-carousel-wrapper swiper\" role=\"region\" aria-roledescription=\"carousel\" aria-label=\"Image Carousel\" dir=\"ltr\">\n\t\t\t<div class=\"elementor-image-carousel swiper-wrapper\" aria-live=\"off\">\n\t\t\t\t\t\t\t\t<div class=\"swiper-slide\" role=\"group\" aria-roledescription=\"slide\" aria-label=\"1 of 3\" data-no-translation-aria-label=\"\"><figure class=\"swiper-slide-inner\"><img decoding=\"async\" class=\"swiper-slide-image\" src=\"https:\/\/mep.com.ar\/wp-content\/uploads\/2020\/09\/dyf2-1.jpg\" alt=\"dyf2\" \/><\/figure><\/div><div class=\"swiper-slide\" role=\"group\" aria-roledescription=\"slide\" aria-label=\"2 of 3\" data-no-translation-aria-label=\"\"><figure class=\"swiper-slide-inner\"><img decoding=\"async\" class=\"swiper-slide-image\" src=\"https:\/\/mep.com.ar\/wp-content\/uploads\/2020\/09\/dyf3.jpg\" alt=\"dyf3\" \/><\/figure><\/div><div class=\"swiper-slide\" role=\"group\" aria-roledescription=\"slide\" aria-label=\"3 of 3\" data-no-translation-aria-label=\"\"><figure class=\"swiper-slide-inner\"><img decoding=\"async\" class=\"swiper-slide-image\" src=\"https:\/\/mep.com.ar\/wp-content\/uploads\/2020\/09\/dyf-1.jpg\" alt=\"dyf\" \/><\/figure><\/div>\t\t\t<\/div>\n\t\t\t\t\t\t\t\t\t\t\t\t<div class=\"elementor-swiper-button elementor-swiper-button-prev\" role=\"button\" tabindex=\"0\">\n\t\t\t\t\t\t<i aria-hidden=\"true\" class=\"eicon-chevron-left\"><\/i>\t\t\t\t\t<\/div>\n\t\t\t\t\t<div class=\"elementor-swiper-button elementor-swiper-button-next\" role=\"button\" tabindex=\"0\">\n\t\t\t\t\t\t<i aria-hidden=\"true\" class=\"eicon-chevron-right\"><\/i>\t\t\t\t\t<\/div>\n\t\t\t\t\n\t\t\t\t\t\t\t\t\t<div class=\"swiper-pagination\"><\/div>\n\t\t\t\t\t\t\t\t\t<\/div>\n\t\t\t\t\t\t<\/div>\n\t\t\t\t<\/div>\n\t\t\t\t\t<\/div>\n\t\t<\/div>\n\t\t\t\t\t<\/div>\n\t\t<\/section>\n\t\t\t\t<section class=\"elementor-section elementor-top-section elementor-element elementor-element-80a5867 elementor-section-boxed elementor-section-height-default elementor-section-height-default\" data-id=\"80a5867\" data-element_type=\"section\" data-e-type=\"section\">\n\t\t\t\t\t\t<div class=\"elementor-container elementor-column-gap-default\">\n\t\t\t\t\t<div class=\"elementor-column elementor-col-100 elementor-top-column elementor-element elementor-element-65186e1\" data-id=\"65186e1\" data-element_type=\"column\" data-e-type=\"column\">\n\t\t\t<div class=\"elementor-widget-wrap\">\n\t\t\t\t\t\t\t<\/div>\n\t\t<\/div>\n\t\t\t\t\t<\/div>\n\t\t<\/section>\n\t\t\t\t<\/div>","protected":false},"excerpt":{"rendered":"<p>DIGITAL&amp;FLEXO PROYECTO Digital&amp;Flexo es una empresa que comercializa m\u00e1quinas de impresi\u00f3n industriales. Tras un cambio de firma, necesitaban una renovaci\u00f3n total de [&hellip;]<\/p>\n","protected":false},"author":1,"featured_media":0,"parent":0,"menu_order":0,"comment_status":"closed","ping_status":"closed","template":"elementor_header_footer","meta":{"footnotes":""},"class_list":["post-576","page","type-page","status-publish","hentry"],"yoast_head":"<!-- This site is optimized with the Yoast SEO plugin v27.4 - https:\/\/yoast.com\/product\/yoast-seo-wordpress\/ -->\n<title>Digital y Flexo - MEP Comunicaci\u00f3n y Dise\u00f1o<\/title>\n<meta name=\"robots\" content=\"index, follow, max-snippet:-1, max-image-preview:large, max-video-preview:-1\" \/>\n<link rel=\"canonical\" href=\"https:\/\/mep.com.ar\/en\/grafica-corporativa\/\" \/>\n<meta property=\"og:locale\" content=\"en_US\" \/>\n<meta property=\"og:type\" content=\"article\" \/>\n<meta property=\"og:title\" content=\"Digital y Flexo - MEP Comunicaci\u00f3n y Dise\u00f1o\" \/>\n<meta property=\"og:description\" content=\"DIGITAL&amp;FLEXO PROYECTO Digital&amp;Flexo es una empresa que comercializa m\u00e1quinas de impresi\u00f3n industriales. Tras un cambio de firma, necesitaban una renovaci\u00f3n total de [&hellip;]\" \/>\n<meta property=\"og:url\" content=\"https:\/\/mep.com.ar\/en\/grafica-corporativa\/\" \/>\n<meta property=\"og:site_name\" content=\"MEP Comunicaci\u00f3n y Dise\u00f1o\" \/>\n<meta property=\"article:modified_time\" content=\"2024-01-26T18:39:53+00:00\" \/>\n<meta property=\"og:image\" content=\"http:\/\/mep.com.ar\/wp-content\/uploads\/2020\/09\/dyf2-1.jpg\" \/>\n<meta name=\"twitter:card\" content=\"summary_large_image\" \/>\n<script type=\"application\/ld+json\" class=\"yoast-schema-graph\">{\"@context\":\"https:\\\/\\\/schema.org\",\"@graph\":[{\"@type\":\"WebPage\",\"@id\":\"https:\\\/\\\/mep.com.ar\\\/grafica-corporativa\\\/\",\"url\":\"https:\\\/\\\/mep.com.ar\\\/grafica-corporativa\\\/\",\"name\":\"Digital y Flexo - MEP Comunicaci\u00f3n y Dise\u00f1o\",\"isPartOf\":{\"@id\":\"https:\\\/\\\/mep.com.ar\\\/#website\"},\"primaryImageOfPage\":{\"@id\":\"https:\\\/\\\/mep.com.ar\\\/grafica-corporativa\\\/#primaryimage\"},\"image\":{\"@id\":\"https:\\\/\\\/mep.com.ar\\\/grafica-corporativa\\\/#primaryimage\"},\"thumbnailUrl\":\"http:\\\/\\\/mep.com.ar\\\/wp-content\\\/uploads\\\/2020\\\/09\\\/dyf2-1.jpg\",\"datePublished\":\"2019-11-13T00:09:09+00:00\",\"dateModified\":\"2024-01-26T18:39:53+00:00\",\"breadcrumb\":{\"@id\":\"https:\\\/\\\/mep.com.ar\\\/grafica-corporativa\\\/#breadcrumb\"},\"inLanguage\":\"en-US\",\"potentialAction\":[{\"@type\":\"ReadAction\",\"target\":[\"https:\\\/\\\/mep.com.ar\\\/grafica-corporativa\\\/\"]}]},{\"@type\":\"ImageObject\",\"inLanguage\":\"en-US\",\"@id\":\"https:\\\/\\\/mep.com.ar\\\/grafica-corporativa\\\/#primaryimage\",\"url\":\"http:\\\/\\\/mep.com.ar\\\/wp-content\\\/uploads\\\/2020\\\/09\\\/dyf2-1.jpg\",\"contentUrl\":\"http:\\\/\\\/mep.com.ar\\\/wp-content\\\/uploads\\\/2020\\\/09\\\/dyf2-1.jpg\"},{\"@type\":\"BreadcrumbList\",\"@id\":\"https:\\\/\\\/mep.com.ar\\\/grafica-corporativa\\\/#breadcrumb\",\"itemListElement\":[{\"@type\":\"ListItem\",\"position\":1,\"name\":\"Inicio\",\"item\":\"https:\\\/\\\/mep.com.ar\\\/\"},{\"@type\":\"ListItem\",\"position\":2,\"name\":\"Digital y Flexo\"}]},{\"@type\":\"WebSite\",\"@id\":\"https:\\\/\\\/mep.com.ar\\\/#website\",\"url\":\"https:\\\/\\\/mep.com.ar\\\/\",\"name\":\"MEP Comunicaci\u00f3n y Dise\u00f1o\",\"description\":\"Agencia de Comunicaci\u00f3n y Dise\u00f1o\",\"publisher\":{\"@id\":\"https:\\\/\\\/mep.com.ar\\\/#organization\"},\"potentialAction\":[{\"@type\":\"SearchAction\",\"target\":{\"@type\":\"EntryPoint\",\"urlTemplate\":\"https:\\\/\\\/mep.com.ar\\\/?s={search_term_string}\"},\"query-input\":{\"@type\":\"PropertyValueSpecification\",\"valueRequired\":true,\"valueName\":\"search_term_string\"}}],\"inLanguage\":\"en-US\"},{\"@type\":\"Organization\",\"@id\":\"https:\\\/\\\/mep.com.ar\\\/#organization\",\"name\":\"MEP Comunicaci\u00f3n y Dise\u00f1o\",\"url\":\"https:\\\/\\\/mep.com.ar\\\/\",\"logo\":{\"@type\":\"ImageObject\",\"inLanguage\":\"en-US\",\"@id\":\"https:\\\/\\\/mep.com.ar\\\/#\\\/schema\\\/logo\\\/image\\\/\",\"url\":\"https:\\\/\\\/mep.com.ar\\\/wp-content\\\/uploads\\\/2021\\\/09\\\/cropped-logo.png\",\"contentUrl\":\"https:\\\/\\\/mep.com.ar\\\/wp-content\\\/uploads\\\/2021\\\/09\\\/cropped-logo.png\",\"width\":512,\"height\":512,\"caption\":\"MEP Comunicaci\u00f3n y Dise\u00f1o\"},\"image\":{\"@id\":\"https:\\\/\\\/mep.com.ar\\\/#\\\/schema\\\/logo\\\/image\\\/\"}}]}<\/script>\n<!-- \/ Yoast SEO plugin. -->","yoast_head_json":{"title":"Digital y Flexo - MEP Comunicaci\u00f3n y Dise\u00f1o","robots":{"index":"index","follow":"follow","max-snippet":"max-snippet:-1","max-image-preview":"max-image-preview:large","max-video-preview":"max-video-preview:-1"},"canonical":"https:\/\/mep.com.ar\/en\/grafica-corporativa\/","og_locale":"en_US","og_type":"article","og_title":"Digital y Flexo - MEP Comunicaci\u00f3n y Dise\u00f1o","og_description":"DIGITAL&amp;FLEXO PROYECTO Digital&amp;Flexo es una empresa que comercializa m\u00e1quinas de impresi\u00f3n industriales. Tras un cambio de firma, necesitaban una renovaci\u00f3n total de [&hellip;]","og_url":"https:\/\/mep.com.ar\/en\/grafica-corporativa\/","og_site_name":"MEP Comunicaci\u00f3n y Dise\u00f1o","article_modified_time":"2024-01-26T18:39:53+00:00","og_image":[{"url":"http:\/\/mep.com.ar\/wp-content\/uploads\/2020\/09\/dyf2-1.jpg","type":"","width":"","height":""}],"twitter_card":"summary_large_image","schema":{"@context":"https:\/\/schema.org","@graph":[{"@type":"WebPage","@id":"https:\/\/mep.com.ar\/grafica-corporativa\/","url":"https:\/\/mep.com.ar\/grafica-corporativa\/","name":"Digital y Flexo - MEP Comunicaci\u00f3n y Dise\u00f1o","isPartOf":{"@id":"https:\/\/mep.com.ar\/#website"},"primaryImageOfPage":{"@id":"https:\/\/mep.com.ar\/grafica-corporativa\/#primaryimage"},"image":{"@id":"https:\/\/mep.com.ar\/grafica-corporativa\/#primaryimage"},"thumbnailUrl":"http:\/\/mep.com.ar\/wp-content\/uploads\/2020\/09\/dyf2-1.jpg","datePublished":"2019-11-13T00:09:09+00:00","dateModified":"2024-01-26T18:39:53+00:00","breadcrumb":{"@id":"https:\/\/mep.com.ar\/grafica-corporativa\/#breadcrumb"},"inLanguage":"en-US","potentialAction":[{"@type":"ReadAction","target":["https:\/\/mep.com.ar\/grafica-corporativa\/"]}]},{"@type":"ImageObject","inLanguage":"en-US","@id":"https:\/\/mep.com.ar\/grafica-corporativa\/#primaryimage","url":"http:\/\/mep.com.ar\/wp-content\/uploads\/2020\/09\/dyf2-1.jpg","contentUrl":"http:\/\/mep.com.ar\/wp-content\/uploads\/2020\/09\/dyf2-1.jpg"},{"@type":"BreadcrumbList","@id":"https:\/\/mep.com.ar\/grafica-corporativa\/#breadcrumb","itemListElement":[{"@type":"ListItem","position":1,"name":"Inicio","item":"https:\/\/mep.com.ar\/"},{"@type":"ListItem","position":2,"name":"Digital y Flexo"}]},{"@type":"WebSite","@id":"https:\/\/mep.com.ar\/#website","url":"https:\/\/mep.com.ar\/","name":"MEP Comunicaci\u00f3n y Dise\u00f1o","description":"Agencia de Comunicaci\u00f3n y Dise\u00f1o","publisher":{"@id":"https:\/\/mep.com.ar\/#organization"},"potentialAction":[{"@type":"SearchAction","target":{"@type":"EntryPoint","urlTemplate":"https:\/\/mep.com.ar\/?s={search_term_string}"},"query-input":{"@type":"PropertyValueSpecification","valueRequired":true,"valueName":"search_term_string"}}],"inLanguage":"en-US"},{"@type":"Organization","@id":"https:\/\/mep.com.ar\/#organization","name":"MEP Comunicaci\u00f3n y Dise\u00f1o","url":"https:\/\/mep.com.ar\/","logo":{"@type":"ImageObject","inLanguage":"en-US","@id":"https:\/\/mep.com.ar\/#\/schema\/logo\/image\/","url":"https:\/\/mep.com.ar\/wp-content\/uploads\/2021\/09\/cropped-logo.png","contentUrl":"https:\/\/mep.com.ar\/wp-content\/uploads\/2021\/09\/cropped-logo.png","width":512,"height":512,"caption":"MEP Comunicaci\u00f3n y Dise\u00f1o"},"image":{"@id":"https:\/\/mep.com.ar\/#\/schema\/logo\/image\/"}}]}},"_links":{"self":[{"href":"https:\/\/mep.com.ar\/en\/wp-json\/wp\/v2\/pages\/576","targetHints":{"allow":["GET"]}}],"collection":[{"href":"https:\/\/mep.com.ar\/en\/wp-json\/wp\/v2\/pages"}],"about":[{"href":"https:\/\/mep.com.ar\/en\/wp-json\/wp\/v2\/types\/page"}],"author":[{"embeddable":true,"href":"https:\/\/mep.com.ar\/en\/wp-json\/wp\/v2\/users\/1"}],"replies":[{"embeddable":true,"href":"https:\/\/mep.com.ar\/en\/wp-json\/wp\/v2\/comments?post=576"}],"version-history":[{"count":14,"href":"https:\/\/mep.com.ar\/en\/wp-json\/wp\/v2\/pages\/576\/revisions"}],"predecessor-version":[{"id":1939,"href":"https:\/\/mep.com.ar\/en\/wp-json\/wp\/v2\/pages\/576\/revisions\/1939"}],"wp:attachment":[{"href":"https:\/\/mep.com.ar\/en\/wp-json\/wp\/v2\/media?parent=576"}],"curies":[{"name":"wp","href":"https:\/\/api.w.org\/{rel}","templated":true}]}}