{"id":2372,"date":"2026-04-22T16:40:17","date_gmt":"2026-04-22T19:40:17","guid":{"rendered":"https:\/\/mep.com.ar\/?page_id=2372"},"modified":"2026-04-22T17:01:20","modified_gmt":"2026-04-22T20:01:20","slug":"landing","status":"publish","type":"page","link":"https:\/\/mep.com.ar\/en\/landing\/","title":{"rendered":"Landing"},"content":{"rendered":"<div data-elementor-type=\"wp-post\" data-elementor-id=\"2372\" class=\"elementor elementor-2372\">\n\t\t\t\t\t\t<section class=\"elementor-section elementor-top-section elementor-element elementor-element-7c9e7ec elementor-section-boxed elementor-section-height-default elementor-section-height-default\" data-id=\"7c9e7ec\" data-element_type=\"section\" data-e-type=\"section\">\n\t\t\t\t\t\t<div class=\"elementor-container elementor-column-gap-default\">\n\t\t\t\t\t<div class=\"elementor-column elementor-col-100 elementor-top-column elementor-element elementor-element-3d15d5d\" data-id=\"3d15d5d\" data-element_type=\"column\" data-e-type=\"column\">\n\t\t\t<div class=\"elementor-widget-wrap elementor-element-populated\">\n\t\t\t\t\t\t<div class=\"elementor-element elementor-element-e2b3138 elementor-widget elementor-widget-shortcode\" data-id=\"e2b3138\" data-element_type=\"widget\" data-e-type=\"widget\" data-widget_type=\"shortcode.default\">\n\t\t\t\t<div class=\"elementor-widget-container\">\n\t\t\t\t\t\t\t<div class=\"elementor-shortcode\"> <span><span><a href=\"https:\/\/mep.com.ar\/en\/\">Inicio<\/a><\/span><\/span><\/div>\n\t\t\t\t\t\t<\/div>\n\t\t\t\t<\/div>\n\t\t\t\t\t<\/div>\n\t\t<\/div>\n\t\t\t\t\t<\/div>\n\t\t<\/section>\n\t\t\t\t<section class=\"elementor-section elementor-top-section elementor-element elementor-element-9e1bde7 elementor-section-boxed elementor-section-height-default elementor-section-height-default\" data-id=\"9e1bde7\" data-element_type=\"section\" data-e-type=\"section\">\n\t\t\t\t\t\t<div class=\"elementor-container elementor-column-gap-default\">\n\t\t\t\t\t<div class=\"elementor-column elementor-col-50 elementor-top-column elementor-element elementor-element-e8ead0a\" data-id=\"e8ead0a\" data-element_type=\"column\" data-e-type=\"column\">\n\t\t\t<div class=\"elementor-widget-wrap elementor-element-populated\">\n\t\t\t\t\t\t<div class=\"elementor-element elementor-element-a111447 elementor-widget elementor-widget-heading\" data-id=\"a111447\" data-element_type=\"widget\" data-e-type=\"widget\" data-widget_type=\"heading.default\">\n\t\t\t\t<div class=\"elementor-widget-container\">\n\t\t\t\t\t<p class=\"elementor-heading-title elementor-size-default\"><h5>PERSONAL LANDING PAGE<\/h5>\n<p>The client required a direct and empathetic presentation, delivering a clear, professional, and human message focused on her value proposition. <\/p>\t\t\t\t<\/div>\n\t\t\t\t<\/div>\n\t\t\t\t<div class=\"elementor-element elementor-element-e0b132c elementor-widget elementor-widget-heading\" data-id=\"e0b132c\" data-element_type=\"widget\" data-e-type=\"widget\" data-widget_type=\"heading.default\">\n\t\t\t\t<div class=\"elementor-widget-container\">\n\t\t\t\t\t<p class=\"elementor-heading-title elementor-size-default\"><p>A minimalist style combined with a vivid, warm palette and a layout designed for effortless reading flow.<\/p>\t\t\t\t<\/div>\n\t\t\t\t<\/div>\n\t\t\t\t<div class=\"elementor-element elementor-element-a159a80 elementor-align-center elementor-widget elementor-widget-button\" data-id=\"a159a80\" data-element_type=\"widget\" data-e-type=\"widget\" data-widget_type=\"button.default\">\n\t\t\t\t<div class=\"elementor-widget-container\">\n\t\t\t\t\t\t\t\t\t<div class=\"elementor-button-wrapper\">\n\t\t\t\t\t<a class=\"elementor-button elementor-button-link elementor-size-sm\" href=\"https:\/\/inesradaelli.com\/\" target=\"_blank\">\n\t\t\t\t\t\t<span class=\"elementor-button-content-wrapper\">\n\t\t\t\t\t\t\t\t\t<span class=\"elementor-button-text\">Visit de website<\/span>\n\t\t\t\t\t<\/span>\n\t\t\t\t\t<\/a>\n\t\t\t\t<\/div>\n\t\t\t\t\t\t\t\t<\/div>\n\t\t\t\t<\/div>\n\t\t\t\t\t<\/div>\n\t\t<\/div>\n\t\t\t\t<div class=\"elementor-column elementor-col-50 elementor-top-column elementor-element elementor-element-3e466e8\" data-id=\"3e466e8\" data-element_type=\"column\" data-e-type=\"column\">\n\t\t\t<div class=\"elementor-widget-wrap elementor-element-populated\">\n\t\t\t\t\t\t<div class=\"elementor-element elementor-element-a5e36b4 elementor-arrows-position-inside elementor-pagination-position-outside elementor-widget elementor-widget-image-carousel\" data-id=\"a5e36b4\" data-element_type=\"widget\" data-e-type=\"widget\" data-settings=\"{&quot;slides_to_show&quot;:&quot;1&quot;,&quot;navigation&quot;:&quot;both&quot;,&quot;autoplay&quot;:&quot;yes&quot;,&quot;pause_on_hover&quot;:&quot;yes&quot;,&quot;pause_on_interaction&quot;:&quot;yes&quot;,&quot;autoplay_speed&quot;:5000,&quot;infinite&quot;:&quot;yes&quot;,&quot;effect&quot;:&quot;slide&quot;,&quot;speed&quot;:500}\" data-widget_type=\"image-carousel.default\">\n\t\t\t\t<div class=\"elementor-widget-container\">\n\t\t\t\t\t\t\t<div class=\"elementor-image-carousel-wrapper swiper\" role=\"region\" aria-roledescription=\"carousel\" aria-label=\"Carrusel de im\u00e1genes\" dir=\"ltr\">\n\t\t\t<div class=\"elementor-image-carousel swiper-wrapper\" aria-live=\"off\">\n\t\t\t\t\t\t\t\t<div class=\"swiper-slide\" role=\"group\" aria-roledescription=\"slide\" aria-label=\"1 of 2\"><figure class=\"swiper-slide-inner\"><img decoding=\"async\" class=\"swiper-slide-image\" src=\"https:\/\/mep.com.ar\/wp-content\/uploads\/2026\/04\/ine.jpg\" alt=\"ine\" \/><\/figure><\/div><div class=\"swiper-slide\" role=\"group\" aria-roledescription=\"slide\" aria-label=\"2 of 2\"><figure class=\"swiper-slide-inner\"><img decoding=\"async\" class=\"swiper-slide-image\" src=\"https:\/\/mep.com.ar\/wp-content\/uploads\/2026\/04\/ine2.jpg\" alt=\"ine2\" \/><\/figure><\/div>\t\t\t<\/div>\n\t\t\t\t\t\t\t\t\t\t\t\t<div class=\"elementor-swiper-button elementor-swiper-button-prev\" role=\"button\" tabindex=\"0\">\n\t\t\t\t\t\t<i aria-hidden=\"true\" class=\"eicon-chevron-left\"><\/i>\t\t\t\t\t<\/div>\n\t\t\t\t\t<div class=\"elementor-swiper-button elementor-swiper-button-next\" role=\"button\" tabindex=\"0\">\n\t\t\t\t\t\t<i aria-hidden=\"true\" class=\"eicon-chevron-right\"><\/i>\t\t\t\t\t<\/div>\n\t\t\t\t\n\t\t\t\t\t\t\t\t\t<div class=\"swiper-pagination\"><\/div>\n\t\t\t\t\t\t\t\t\t<\/div>\n\t\t\t\t\t\t<\/div>\n\t\t\t\t<\/div>\n\t\t\t\t\t<\/div>\n\t\t<\/div>\n\t\t\t\t\t<\/div>\n\t\t<\/section>\n\t\t\t\t<\/div>","protected":false},"excerpt":{"rendered":"<p>LANDING PERSONAL El cliente necesitaba una carta de presentaci\u00f3n directa y emp\u00e1tica, que tuviera un mensaje claro, profesional y humano centrado en [&hellip;]<\/p>\n","protected":false},"author":1,"featured_media":0,"parent":0,"menu_order":0,"comment_status":"closed","ping_status":"closed","template":"elementor_header_footer","meta":{"footnotes":""},"class_list":["post-2372","page","type-page","status-publish","hentry"],"yoast_head":"<!-- This site is optimized with the Yoast SEO plugin v27.4 - https:\/\/yoast.com\/product\/yoast-seo-wordpress\/ -->\n<title>Landing - MEP Comunicaci\u00f3n y Dise\u00f1o<\/title>\n<meta name=\"robots\" content=\"index, follow, max-snippet:-1, max-image-preview:large, max-video-preview:-1\" \/>\n<link rel=\"canonical\" href=\"https:\/\/mep.com.ar\/en\/landing\/\" \/>\n<meta property=\"og:locale\" content=\"en_US\" \/>\n<meta property=\"og:type\" content=\"article\" \/>\n<meta property=\"og:title\" content=\"Landing - MEP Comunicaci\u00f3n y Dise\u00f1o\" \/>\n<meta property=\"og:description\" content=\"LANDING PERSONAL El cliente necesitaba una carta de presentaci\u00f3n directa y emp\u00e1tica, que tuviera un mensaje claro, profesional y humano centrado en [&hellip;]\" \/>\n<meta property=\"og:url\" content=\"https:\/\/mep.com.ar\/en\/landing\/\" \/>\n<meta property=\"og:site_name\" content=\"MEP Comunicaci\u00f3n y Dise\u00f1o\" \/>\n<meta property=\"article:modified_time\" content=\"2026-04-22T20:01:20+00:00\" \/>\n<meta property=\"og:image\" content=\"https:\/\/mep.com.ar\/wp-content\/uploads\/2026\/04\/ine.jpg\" \/>\n<meta name=\"twitter:card\" content=\"summary_large_image\" \/>\n<meta name=\"twitter:label1\" content=\"Est. reading time\" \/>\n\t<meta name=\"twitter:data1\" content=\"2 minutes\" \/>\n<script type=\"application\/ld+json\" class=\"yoast-schema-graph\">{\"@context\":\"https:\\\/\\\/schema.org\",\"@graph\":[{\"@type\":\"WebPage\",\"@id\":\"https:\\\/\\\/mep.com.ar\\\/landing\\\/\",\"url\":\"https:\\\/\\\/mep.com.ar\\\/landing\\\/\",\"name\":\"Landing - MEP Comunicaci\u00f3n y Dise\u00f1o\",\"isPartOf\":{\"@id\":\"https:\\\/\\\/mep.com.ar\\\/#website\"},\"primaryImageOfPage\":{\"@id\":\"https:\\\/\\\/mep.com.ar\\\/landing\\\/#primaryimage\"},\"image\":{\"@id\":\"https:\\\/\\\/mep.com.ar\\\/landing\\\/#primaryimage\"},\"thumbnailUrl\":\"https:\\\/\\\/mep.com.ar\\\/wp-content\\\/uploads\\\/2026\\\/04\\\/ine.jpg\",\"datePublished\":\"2026-04-22T19:40:17+00:00\",\"dateModified\":\"2026-04-22T20:01:20+00:00\",\"breadcrumb\":{\"@id\":\"https:\\\/\\\/mep.com.ar\\\/landing\\\/#breadcrumb\"},\"inLanguage\":\"en-US\",\"potentialAction\":[{\"@type\":\"ReadAction\",\"target\":[\"https:\\\/\\\/mep.com.ar\\\/landing\\\/\"]}]},{\"@type\":\"ImageObject\",\"inLanguage\":\"en-US\",\"@id\":\"https:\\\/\\\/mep.com.ar\\\/landing\\\/#primaryimage\",\"url\":\"https:\\\/\\\/mep.com.ar\\\/wp-content\\\/uploads\\\/2026\\\/04\\\/ine.jpg\",\"contentUrl\":\"https:\\\/\\\/mep.com.ar\\\/wp-content\\\/uploads\\\/2026\\\/04\\\/ine.jpg\"},{\"@type\":\"BreadcrumbList\",\"@id\":\"https:\\\/\\\/mep.com.ar\\\/landing\\\/#breadcrumb\",\"itemListElement\":[{\"@type\":\"ListItem\",\"position\":1,\"name\":\"Inicio\",\"item\":\"https:\\\/\\\/mep.com.ar\\\/\"},{\"@type\":\"ListItem\",\"position\":2,\"name\":\"Landing\"}]},{\"@type\":\"WebSite\",\"@id\":\"https:\\\/\\\/mep.com.ar\\\/#website\",\"url\":\"https:\\\/\\\/mep.com.ar\\\/\",\"name\":\"MEP Comunicaci\u00f3n y Dise\u00f1o\",\"description\":\"Agencia de Comunicaci\u00f3n y Dise\u00f1o\",\"publisher\":{\"@id\":\"https:\\\/\\\/mep.com.ar\\\/#organization\"},\"potentialAction\":[{\"@type\":\"SearchAction\",\"target\":{\"@type\":\"EntryPoint\",\"urlTemplate\":\"https:\\\/\\\/mep.com.ar\\\/?s={search_term_string}\"},\"query-input\":{\"@type\":\"PropertyValueSpecification\",\"valueRequired\":true,\"valueName\":\"search_term_string\"}}],\"inLanguage\":\"en-US\"},{\"@type\":\"Organization\",\"@id\":\"https:\\\/\\\/mep.com.ar\\\/#organization\",\"name\":\"MEP Comunicaci\u00f3n y Dise\u00f1o\",\"url\":\"https:\\\/\\\/mep.com.ar\\\/\",\"logo\":{\"@type\":\"ImageObject\",\"inLanguage\":\"en-US\",\"@id\":\"https:\\\/\\\/mep.com.ar\\\/#\\\/schema\\\/logo\\\/image\\\/\",\"url\":\"https:\\\/\\\/mep.com.ar\\\/wp-content\\\/uploads\\\/2021\\\/09\\\/cropped-logo.png\",\"contentUrl\":\"https:\\\/\\\/mep.com.ar\\\/wp-content\\\/uploads\\\/2021\\\/09\\\/cropped-logo.png\",\"width\":512,\"height\":512,\"caption\":\"MEP Comunicaci\u00f3n y Dise\u00f1o\"},\"image\":{\"@id\":\"https:\\\/\\\/mep.com.ar\\\/#\\\/schema\\\/logo\\\/image\\\/\"}}]}<\/script>\n<!-- \/ Yoast SEO plugin. -->","yoast_head_json":{"title":"Landing - MEP Comunicaci\u00f3n y Dise\u00f1o","robots":{"index":"index","follow":"follow","max-snippet":"max-snippet:-1","max-image-preview":"max-image-preview:large","max-video-preview":"max-video-preview:-1"},"canonical":"https:\/\/mep.com.ar\/en\/landing\/","og_locale":"en_US","og_type":"article","og_title":"Landing - MEP Comunicaci\u00f3n y Dise\u00f1o","og_description":"LANDING PERSONAL El cliente necesitaba una carta de presentaci\u00f3n directa y emp\u00e1tica, que tuviera un mensaje claro, profesional y humano centrado en [&hellip;]","og_url":"https:\/\/mep.com.ar\/en\/landing\/","og_site_name":"MEP Comunicaci\u00f3n y Dise\u00f1o","article_modified_time":"2026-04-22T20:01:20+00:00","og_image":[{"url":"https:\/\/mep.com.ar\/wp-content\/uploads\/2026\/04\/ine.jpg","type":"","width":"","height":""}],"twitter_card":"summary_large_image","twitter_misc":{"Est. reading time":"2 minutes"},"schema":{"@context":"https:\/\/schema.org","@graph":[{"@type":"WebPage","@id":"https:\/\/mep.com.ar\/landing\/","url":"https:\/\/mep.com.ar\/landing\/","name":"Landing - MEP Comunicaci\u00f3n y Dise\u00f1o","isPartOf":{"@id":"https:\/\/mep.com.ar\/#website"},"primaryImageOfPage":{"@id":"https:\/\/mep.com.ar\/landing\/#primaryimage"},"image":{"@id":"https:\/\/mep.com.ar\/landing\/#primaryimage"},"thumbnailUrl":"https:\/\/mep.com.ar\/wp-content\/uploads\/2026\/04\/ine.jpg","datePublished":"2026-04-22T19:40:17+00:00","dateModified":"2026-04-22T20:01:20+00:00","breadcrumb":{"@id":"https:\/\/mep.com.ar\/landing\/#breadcrumb"},"inLanguage":"en-US","potentialAction":[{"@type":"ReadAction","target":["https:\/\/mep.com.ar\/landing\/"]}]},{"@type":"ImageObject","inLanguage":"en-US","@id":"https:\/\/mep.com.ar\/landing\/#primaryimage","url":"https:\/\/mep.com.ar\/wp-content\/uploads\/2026\/04\/ine.jpg","contentUrl":"https:\/\/mep.com.ar\/wp-content\/uploads\/2026\/04\/ine.jpg"},{"@type":"BreadcrumbList","@id":"https:\/\/mep.com.ar\/landing\/#breadcrumb","itemListElement":[{"@type":"ListItem","position":1,"name":"Inicio","item":"https:\/\/mep.com.ar\/"},{"@type":"ListItem","position":2,"name":"Landing"}]},{"@type":"WebSite","@id":"https:\/\/mep.com.ar\/#website","url":"https:\/\/mep.com.ar\/","name":"MEP Comunicaci\u00f3n y Dise\u00f1o","description":"Agencia de Comunicaci\u00f3n y Dise\u00f1o","publisher":{"@id":"https:\/\/mep.com.ar\/#organization"},"potentialAction":[{"@type":"SearchAction","target":{"@type":"EntryPoint","urlTemplate":"https:\/\/mep.com.ar\/?s={search_term_string}"},"query-input":{"@type":"PropertyValueSpecification","valueRequired":true,"valueName":"search_term_string"}}],"inLanguage":"en-US"},{"@type":"Organization","@id":"https:\/\/mep.com.ar\/#organization","name":"MEP Comunicaci\u00f3n y Dise\u00f1o","url":"https:\/\/mep.com.ar\/","logo":{"@type":"ImageObject","inLanguage":"en-US","@id":"https:\/\/mep.com.ar\/#\/schema\/logo\/image\/","url":"https:\/\/mep.com.ar\/wp-content\/uploads\/2021\/09\/cropped-logo.png","contentUrl":"https:\/\/mep.com.ar\/wp-content\/uploads\/2021\/09\/cropped-logo.png","width":512,"height":512,"caption":"MEP Comunicaci\u00f3n y Dise\u00f1o"},"image":{"@id":"https:\/\/mep.com.ar\/#\/schema\/logo\/image\/"}}]}},"_links":{"self":[{"href":"https:\/\/mep.com.ar\/en\/wp-json\/wp\/v2\/pages\/2372","targetHints":{"allow":["GET"]}}],"collection":[{"href":"https:\/\/mep.com.ar\/en\/wp-json\/wp\/v2\/pages"}],"about":[{"href":"https:\/\/mep.com.ar\/en\/wp-json\/wp\/v2\/types\/page"}],"author":[{"embeddable":true,"href":"https:\/\/mep.com.ar\/en\/wp-json\/wp\/v2\/users\/1"}],"replies":[{"embeddable":true,"href":"https:\/\/mep.com.ar\/en\/wp-json\/wp\/v2\/comments?post=2372"}],"version-history":[{"count":17,"href":"https:\/\/mep.com.ar\/en\/wp-json\/wp\/v2\/pages\/2372\/revisions"}],"predecessor-version":[{"id":2407,"href":"https:\/\/mep.com.ar\/en\/wp-json\/wp\/v2\/pages\/2372\/revisions\/2407"}],"wp:attachment":[{"href":"https:\/\/mep.com.ar\/en\/wp-json\/wp\/v2\/media?parent=2372"}],"curies":[{"name":"wp","href":"https:\/\/api.w.org\/{rel}","templated":true}]}}