{"id":1697,"date":"2024-01-25T12:10:12","date_gmt":"2024-01-25T15:10:12","guid":{"rendered":"https:\/\/mep.com.ar\/?page_id=1697"},"modified":"2024-02-07T18:34:25","modified_gmt":"2024-02-07T21:34:25","slug":"lima-limon","status":"publish","type":"page","link":"https:\/\/mep.com.ar\/en\/lima-limon\/","title":{"rendered":"Lima Limon"},"content":{"rendered":"<div data-elementor-type=\"wp-post\" data-elementor-id=\"1697\" class=\"elementor elementor-1697\">\n\t\t\t\t\t\t<section class=\"elementor-section elementor-top-section elementor-element elementor-element-7c9e7ec elementor-section-boxed elementor-section-height-default elementor-section-height-default\" data-id=\"7c9e7ec\" data-element_type=\"section\" data-e-type=\"section\">\n\t\t\t\t\t\t<div class=\"elementor-container elementor-column-gap-default\">\n\t\t\t\t\t<div class=\"elementor-column elementor-col-100 elementor-top-column elementor-element elementor-element-3d15d5d\" data-id=\"3d15d5d\" data-element_type=\"column\" data-e-type=\"column\">\n\t\t\t<div class=\"elementor-widget-wrap elementor-element-populated\">\n\t\t\t\t\t\t<div class=\"elementor-element elementor-element-e2b3138 elementor-widget elementor-widget-shortcode\" data-id=\"e2b3138\" data-element_type=\"widget\" data-e-type=\"widget\" data-widget_type=\"shortcode.default\">\n\t\t\t\t<div class=\"elementor-widget-container\">\n\t\t\t\t\t\t\t<div class=\"elementor-shortcode\"> <span><span><a href=\"https:\/\/mep.com.ar\/en\/\">Inicio<\/a><\/span><\/span><\/div>\n\t\t\t\t\t\t<\/div>\n\t\t\t\t<\/div>\n\t\t\t\t\t<\/div>\n\t\t<\/div>\n\t\t\t\t\t<\/div>\n\t\t<\/section>\n\t\t\t\t<section class=\"elementor-section elementor-top-section elementor-element elementor-element-9e1bde7 elementor-section-boxed elementor-section-height-default elementor-section-height-default\" data-id=\"9e1bde7\" data-element_type=\"section\" data-e-type=\"section\">\n\t\t\t\t\t\t<div class=\"elementor-container elementor-column-gap-default\">\n\t\t\t\t\t<div class=\"elementor-column elementor-col-50 elementor-top-column elementor-element elementor-element-e8ead0a\" data-id=\"e8ead0a\" data-element_type=\"column\" data-e-type=\"column\">\n\t\t\t<div class=\"elementor-widget-wrap elementor-element-populated\">\n\t\t\t\t\t\t<div class=\"elementor-element elementor-element-a111447 elementor-widget elementor-widget-heading\" data-id=\"a111447\" data-element_type=\"widget\" data-e-type=\"widget\" data-widget_type=\"heading.default\">\n\t\t\t\t<div class=\"elementor-widget-container\">\n\t\t\t\t\t<p class=\"elementor-heading-title elementor-size-default\"><h5>TASTY BITES<\/h5>\n<p> Lima Lim\u00f3n is a catering brand with a cool vibe and a laid\u2011back style that invites you to relax and enjoy good food with friends.<\/p>\t\t\t\t<\/div>\n\t\t\t\t<\/div>\n\t\t\t\t<div class=\"elementor-element elementor-element-3dd204d elementor-widget elementor-widget-heading\" data-id=\"3dd204d\" data-element_type=\"widget\" data-e-type=\"widget\" data-widget_type=\"heading.default\">\n\t\t\t\t<div class=\"elementor-widget-container\">\n\t\t\t\t\t<h6 class=\"elementor-heading-title elementor-size-default\"><br><br>LOGO DESIGN<\/h6>\t\t\t\t<\/div>\n\t\t\t\t<\/div>\n\t\t\t\t<div class=\"elementor-element elementor-element-e0b132c elementor-widget elementor-widget-heading\" data-id=\"e0b132c\" data-element_type=\"widget\" data-e-type=\"widget\" data-widget_type=\"heading.default\">\n\t\t\t\t<div class=\"elementor-widget-container\">\n\t\t\t\t\t<p class=\"elementor-heading-title elementor-size-default\"><p> The logo was crafted with vintage tones, reflecting the brand\u2019s signature colors and unique personality.<\/p>\t\t\t\t<\/div>\n\t\t\t\t<\/div>\n\t\t\t\t\t<\/div>\n\t\t<\/div>\n\t\t\t\t<div class=\"elementor-column elementor-col-50 elementor-top-column elementor-element elementor-element-3e466e8\" data-id=\"3e466e8\" data-element_type=\"column\" data-e-type=\"column\">\n\t\t\t<div class=\"elementor-widget-wrap elementor-element-populated\">\n\t\t\t\t\t\t<div class=\"elementor-element elementor-element-a5e36b4 elementor-arrows-position-inside elementor-pagination-position-outside elementor-widget elementor-widget-image-carousel\" data-id=\"a5e36b4\" data-element_type=\"widget\" data-e-type=\"widget\" data-settings=\"{&quot;slides_to_show&quot;:&quot;1&quot;,&quot;navigation&quot;:&quot;both&quot;,&quot;autoplay&quot;:&quot;yes&quot;,&quot;pause_on_hover&quot;:&quot;yes&quot;,&quot;pause_on_interaction&quot;:&quot;yes&quot;,&quot;autoplay_speed&quot;:5000,&quot;infinite&quot;:&quot;yes&quot;,&quot;effect&quot;:&quot;slide&quot;,&quot;speed&quot;:500}\" data-widget_type=\"image-carousel.default\">\n\t\t\t\t<div class=\"elementor-widget-container\">\n\t\t\t\t\t\t\t<div class=\"elementor-image-carousel-wrapper swiper\" role=\"region\" aria-roledescription=\"carousel\" aria-label=\"Image Carousel\" dir=\"ltr\">\n\t\t\t<div class=\"elementor-image-carousel swiper-wrapper\" aria-live=\"off\">\n\t\t\t\t\t\t\t\t<div class=\"swiper-slide\" role=\"group\" aria-roledescription=\"slide\" aria-label=\"1 of 1\" data-no-translation-aria-label=\"\"><figure class=\"swiper-slide-inner\"><img decoding=\"async\" class=\"swiper-slide-image\" src=\"https:\/\/mep.com.ar\/wp-content\/uploads\/2024\/01\/lima-1000x1415.jpg\" alt=\"lima\" \/><\/figure><\/div>\t\t\t<\/div>\n\t\t\t\t\t<\/div>\n\t\t\t\t\t\t<\/div>\n\t\t\t\t<\/div>\n\t\t\t\t\t<\/div>\n\t\t<\/div>\n\t\t\t\t\t<\/div>\n\t\t<\/section>\n\t\t\t\t<section class=\"elementor-section elementor-top-section elementor-element elementor-element-80a5867 elementor-section-boxed elementor-section-height-default elementor-section-height-default\" data-id=\"80a5867\" data-element_type=\"section\" data-e-type=\"section\">\n\t\t\t\t\t\t<div class=\"elementor-container elementor-column-gap-default\">\n\t\t\t\t\t<div class=\"elementor-column elementor-col-100 elementor-top-column elementor-element elementor-element-65186e1\" data-id=\"65186e1\" data-element_type=\"column\" data-e-type=\"column\">\n\t\t\t<div class=\"elementor-widget-wrap\">\n\t\t\t\t\t\t\t<\/div>\n\t\t<\/div>\n\t\t\t\t\t<\/div>\n\t\t<\/section>\n\t\t\t\t<section class=\"elementor-section elementor-top-section elementor-element elementor-element-f74195a elementor-section-boxed elementor-section-height-default elementor-section-height-default\" data-id=\"f74195a\" data-element_type=\"section\" data-e-type=\"section\">\n\t\t\t\t\t\t<div class=\"elementor-container elementor-column-gap-default\">\n\t\t\t\t\t<div class=\"elementor-column elementor-col-100 elementor-top-column elementor-element elementor-element-bbf871f\" data-id=\"bbf871f\" data-element_type=\"column\" data-e-type=\"column\">\n\t\t\t<div class=\"elementor-widget-wrap\">\n\t\t\t\t\t\t\t<\/div>\n\t\t<\/div>\n\t\t\t\t\t<\/div>\n\t\t<\/section>\n\t\t\t\t<\/div>","protected":false},"excerpt":{"rendered":"<p>COSITAS RICAS Lima Lim\u00f3n es una marca de servicio de catering con mucha onda y un estilo muy canchero que invita a [&hellip;]<\/p>\n","protected":false},"author":1,"featured_media":0,"parent":0,"menu_order":0,"comment_status":"closed","ping_status":"closed","template":"elementor_header_footer","meta":{"footnotes":""},"class_list":["post-1697","page","type-page","status-publish","hentry"],"yoast_head":"<!-- This site is optimized with the Yoast SEO plugin v27.5 - https:\/\/yoast.com\/product\/yoast-seo-wordpress\/ -->\n<title>Lima Limon - MEP Comunicaci\u00f3n y Dise\u00f1o<\/title>\n<meta name=\"robots\" content=\"index, follow, max-snippet:-1, max-image-preview:large, max-video-preview:-1\" \/>\n<link rel=\"canonical\" href=\"https:\/\/mep.com.ar\/en\/lima-limon\/\" \/>\n<meta property=\"og:locale\" content=\"en_US\" \/>\n<meta property=\"og:type\" content=\"article\" \/>\n<meta property=\"og:title\" content=\"Lima Limon - MEP Comunicaci\u00f3n y Dise\u00f1o\" \/>\n<meta property=\"og:description\" content=\"COSITAS RICAS Lima Lim\u00f3n es una marca de servicio de catering con mucha onda y un estilo muy canchero que invita a [&hellip;]\" \/>\n<meta property=\"og:url\" content=\"https:\/\/mep.com.ar\/en\/lima-limon\/\" \/>\n<meta property=\"og:site_name\" content=\"MEP Comunicaci\u00f3n y Dise\u00f1o\" \/>\n<meta property=\"article:modified_time\" content=\"2024-02-07T21:34:25+00:00\" \/>\n<meta property=\"og:image\" content=\"https:\/\/mep.com.ar\/wp-content\/uploads\/2024\/01\/lima-1000x1415.jpg\" \/>\n<meta name=\"twitter:card\" content=\"summary_large_image\" \/>\n<meta name=\"twitter:label1\" content=\"Est. reading time\" \/>\n\t<meta name=\"twitter:data1\" content=\"1 minute\" \/>\n<script type=\"application\/ld+json\" class=\"yoast-schema-graph\">{\"@context\":\"https:\\\/\\\/schema.org\",\"@graph\":[{\"@type\":\"WebPage\",\"@id\":\"https:\\\/\\\/mep.com.ar\\\/lima-limon\\\/\",\"url\":\"https:\\\/\\\/mep.com.ar\\\/lima-limon\\\/\",\"name\":\"Lima Limon - MEP Comunicaci\u00f3n y Dise\u00f1o\",\"isPartOf\":{\"@id\":\"https:\\\/\\\/mep.com.ar\\\/#website\"},\"primaryImageOfPage\":{\"@id\":\"https:\\\/\\\/mep.com.ar\\\/lima-limon\\\/#primaryimage\"},\"image\":{\"@id\":\"https:\\\/\\\/mep.com.ar\\\/lima-limon\\\/#primaryimage\"},\"thumbnailUrl\":\"https:\\\/\\\/mep.com.ar\\\/wp-content\\\/uploads\\\/2024\\\/01\\\/lima-1000x1415.jpg\",\"datePublished\":\"2024-01-25T15:10:12+00:00\",\"dateModified\":\"2024-02-07T21:34:25+00:00\",\"breadcrumb\":{\"@id\":\"https:\\\/\\\/mep.com.ar\\\/lima-limon\\\/#breadcrumb\"},\"inLanguage\":\"en-US\",\"potentialAction\":[{\"@type\":\"ReadAction\",\"target\":[\"https:\\\/\\\/mep.com.ar\\\/lima-limon\\\/\"]}]},{\"@type\":\"ImageObject\",\"inLanguage\":\"en-US\",\"@id\":\"https:\\\/\\\/mep.com.ar\\\/lima-limon\\\/#primaryimage\",\"url\":\"https:\\\/\\\/mep.com.ar\\\/wp-content\\\/uploads\\\/2024\\\/01\\\/lima-1000x1415.jpg\",\"contentUrl\":\"https:\\\/\\\/mep.com.ar\\\/wp-content\\\/uploads\\\/2024\\\/01\\\/lima-1000x1415.jpg\"},{\"@type\":\"BreadcrumbList\",\"@id\":\"https:\\\/\\\/mep.com.ar\\\/lima-limon\\\/#breadcrumb\",\"itemListElement\":[{\"@type\":\"ListItem\",\"position\":1,\"name\":\"Inicio\",\"item\":\"https:\\\/\\\/mep.com.ar\\\/\"},{\"@type\":\"ListItem\",\"position\":2,\"name\":\"Lima Limon\"}]},{\"@type\":\"WebSite\",\"@id\":\"https:\\\/\\\/mep.com.ar\\\/#website\",\"url\":\"https:\\\/\\\/mep.com.ar\\\/\",\"name\":\"MEP Comunicaci\u00f3n y Dise\u00f1o\",\"description\":\"Agencia de Comunicaci\u00f3n y Dise\u00f1o\",\"publisher\":{\"@id\":\"https:\\\/\\\/mep.com.ar\\\/#organization\"},\"potentialAction\":[{\"@type\":\"SearchAction\",\"target\":{\"@type\":\"EntryPoint\",\"urlTemplate\":\"https:\\\/\\\/mep.com.ar\\\/?s={search_term_string}\"},\"query-input\":{\"@type\":\"PropertyValueSpecification\",\"valueRequired\":true,\"valueName\":\"search_term_string\"}}],\"inLanguage\":\"en-US\"},{\"@type\":\"Organization\",\"@id\":\"https:\\\/\\\/mep.com.ar\\\/#organization\",\"name\":\"MEP Comunicaci\u00f3n y Dise\u00f1o\",\"url\":\"https:\\\/\\\/mep.com.ar\\\/\",\"logo\":{\"@type\":\"ImageObject\",\"inLanguage\":\"en-US\",\"@id\":\"https:\\\/\\\/mep.com.ar\\\/#\\\/schema\\\/logo\\\/image\\\/\",\"url\":\"https:\\\/\\\/mep.com.ar\\\/wp-content\\\/uploads\\\/2021\\\/09\\\/cropped-logo.png\",\"contentUrl\":\"https:\\\/\\\/mep.com.ar\\\/wp-content\\\/uploads\\\/2021\\\/09\\\/cropped-logo.png\",\"width\":512,\"height\":512,\"caption\":\"MEP Comunicaci\u00f3n y Dise\u00f1o\"},\"image\":{\"@id\":\"https:\\\/\\\/mep.com.ar\\\/#\\\/schema\\\/logo\\\/image\\\/\"}}]}<\/script>\n<!-- \/ Yoast SEO plugin. -->","yoast_head_json":{"title":"Lima Limon - MEP Comunicaci\u00f3n y Dise\u00f1o","robots":{"index":"index","follow":"follow","max-snippet":"max-snippet:-1","max-image-preview":"max-image-preview:large","max-video-preview":"max-video-preview:-1"},"canonical":"https:\/\/mep.com.ar\/en\/lima-limon\/","og_locale":"en_US","og_type":"article","og_title":"Lima Limon - MEP Comunicaci\u00f3n y Dise\u00f1o","og_description":"COSITAS RICAS Lima Lim\u00f3n es una marca de servicio de catering con mucha onda y un estilo muy canchero que invita a [&hellip;]","og_url":"https:\/\/mep.com.ar\/en\/lima-limon\/","og_site_name":"MEP Comunicaci\u00f3n y Dise\u00f1o","article_modified_time":"2024-02-07T21:34:25+00:00","og_image":[{"url":"https:\/\/mep.com.ar\/wp-content\/uploads\/2024\/01\/lima-1000x1415.jpg","type":"","width":"","height":""}],"twitter_card":"summary_large_image","twitter_misc":{"Est. reading time":"1 minute"},"schema":{"@context":"https:\/\/schema.org","@graph":[{"@type":"WebPage","@id":"https:\/\/mep.com.ar\/lima-limon\/","url":"https:\/\/mep.com.ar\/lima-limon\/","name":"Lima Limon - MEP Comunicaci\u00f3n y Dise\u00f1o","isPartOf":{"@id":"https:\/\/mep.com.ar\/#website"},"primaryImageOfPage":{"@id":"https:\/\/mep.com.ar\/lima-limon\/#primaryimage"},"image":{"@id":"https:\/\/mep.com.ar\/lima-limon\/#primaryimage"},"thumbnailUrl":"https:\/\/mep.com.ar\/wp-content\/uploads\/2024\/01\/lima-1000x1415.jpg","datePublished":"2024-01-25T15:10:12+00:00","dateModified":"2024-02-07T21:34:25+00:00","breadcrumb":{"@id":"https:\/\/mep.com.ar\/lima-limon\/#breadcrumb"},"inLanguage":"en-US","potentialAction":[{"@type":"ReadAction","target":["https:\/\/mep.com.ar\/lima-limon\/"]}]},{"@type":"ImageObject","inLanguage":"en-US","@id":"https:\/\/mep.com.ar\/lima-limon\/#primaryimage","url":"https:\/\/mep.com.ar\/wp-content\/uploads\/2024\/01\/lima-1000x1415.jpg","contentUrl":"https:\/\/mep.com.ar\/wp-content\/uploads\/2024\/01\/lima-1000x1415.jpg"},{"@type":"BreadcrumbList","@id":"https:\/\/mep.com.ar\/lima-limon\/#breadcrumb","itemListElement":[{"@type":"ListItem","position":1,"name":"Inicio","item":"https:\/\/mep.com.ar\/"},{"@type":"ListItem","position":2,"name":"Lima Limon"}]},{"@type":"WebSite","@id":"https:\/\/mep.com.ar\/#website","url":"https:\/\/mep.com.ar\/","name":"MEP Comunicaci\u00f3n y Dise\u00f1o","description":"Agencia de Comunicaci\u00f3n y Dise\u00f1o","publisher":{"@id":"https:\/\/mep.com.ar\/#organization"},"potentialAction":[{"@type":"SearchAction","target":{"@type":"EntryPoint","urlTemplate":"https:\/\/mep.com.ar\/?s={search_term_string}"},"query-input":{"@type":"PropertyValueSpecification","valueRequired":true,"valueName":"search_term_string"}}],"inLanguage":"en-US"},{"@type":"Organization","@id":"https:\/\/mep.com.ar\/#organization","name":"MEP Comunicaci\u00f3n y Dise\u00f1o","url":"https:\/\/mep.com.ar\/","logo":{"@type":"ImageObject","inLanguage":"en-US","@id":"https:\/\/mep.com.ar\/#\/schema\/logo\/image\/","url":"https:\/\/mep.com.ar\/wp-content\/uploads\/2021\/09\/cropped-logo.png","contentUrl":"https:\/\/mep.com.ar\/wp-content\/uploads\/2021\/09\/cropped-logo.png","width":512,"height":512,"caption":"MEP Comunicaci\u00f3n y Dise\u00f1o"},"image":{"@id":"https:\/\/mep.com.ar\/#\/schema\/logo\/image\/"}}]}},"_links":{"self":[{"href":"https:\/\/mep.com.ar\/en\/wp-json\/wp\/v2\/pages\/1697","targetHints":{"allow":["GET"]}}],"collection":[{"href":"https:\/\/mep.com.ar\/en\/wp-json\/wp\/v2\/pages"}],"about":[{"href":"https:\/\/mep.com.ar\/en\/wp-json\/wp\/v2\/types\/page"}],"author":[{"embeddable":true,"href":"https:\/\/mep.com.ar\/en\/wp-json\/wp\/v2\/users\/1"}],"replies":[{"embeddable":true,"href":"https:\/\/mep.com.ar\/en\/wp-json\/wp\/v2\/comments?post=1697"}],"version-history":[{"count":66,"href":"https:\/\/mep.com.ar\/en\/wp-json\/wp\/v2\/pages\/1697\/revisions"}],"predecessor-version":[{"id":2038,"href":"https:\/\/mep.com.ar\/en\/wp-json\/wp\/v2\/pages\/1697\/revisions\/2038"}],"wp:attachment":[{"href":"https:\/\/mep.com.ar\/en\/wp-json\/wp\/v2\/media?parent=1697"}],"curies":[{"name":"wp","href":"https:\/\/api.w.org\/{rel}","templated":true}]}}